{"id":928,"date":"2023-12-15T11:51:25","date_gmt":"2023-12-15T14:51:25","guid":{"rendered":"https:\/\/musing-kare.185-23-69-104.plesk.page\/tienda\/?post_type=product&#038;p=928"},"modified":"2025-12-26T20:04:17","modified_gmt":"2025-12-26T23:04:17","slug":"posavaso-rattan-x-6-uds","status":"publish","type":"product","link":"https:\/\/www.caminoacasa.com.uy\/tienda\/producto\/posavaso-rattan-x-6-uds\/","title":{"rendered":"Posavaso Rattan x 6 uds"},"content":{"rendered":"<p>Posas de mimbre apilados uno encima del otro sobre un fondo verde.<\/p>\n<p>Este posavaso rattan x 6 uds presenta un dise\u00f1o \u00fanico y funcional, creado para quienes buscan piezas especiales que combinen estilo y practicidad. Su construcci\u00f3n asegura una excelente durabilidad para el uso diario.<\/p>\n<p>La atenci\u00f3n al detalle es evidente en cada aspecto de su fabricaci\u00f3n. Pensado para acompa\u00f1arte en distintas ocasiones, desde el d\u00eda a d\u00eda hasta momentos especiales donde quieres destacar con un complemento diferente.<\/p>\n<p>Su versatilidad permite combinarlo con diversos estilos, adapt\u00e1ndose f\u00e1cilmente a tu look preferido o a la decoraci\u00f3n de tu espacio. Un producto que suma personalidad sin esfuerzo.<\/p>\n<p>\ud83d\udccb CARACTER\u00cdSTICAS:<br \/>\n\u2022 Dise\u00f1o \u00fanico y funcional<br \/>\n\u2022 Fabricaci\u00f3n con atenci\u00f3n a los detalles<br \/>\n\u2022 Acabados cuidados para mayor durabilidad<br \/>\n\u2022 Vers\u00e1til y adaptable a diferentes usos<\/p>\n<p>\ud83c\udf1f POR QU\u00c9 ELEGIR ESTE PRODUCTO:<br \/>\n\u2713 Excelente relaci\u00f3n calidad-precio<br \/>\n\u2713 Dise\u00f1o atemporal que no pasa de moda<br \/>\n\u2713 Funcionalidad adaptada a necesidades reales<br \/>\n\u2713 F\u00e1cil de integrar con otros elementos<br \/>\n.<\/p>\n<p>==================================================<\/p>\n<p>\ud83d\udcdd DESCRIPCI\u00d3N ORIGINAL:<\/p>\n<p>Medida: 10 cms di\u00e1metro<\/p>\n","protected":false},"excerpt":{"rendered":"<p>Posas de mimbre apilados uno encima del otro sobre un fondo verde.<\/p>\n<p>Este posavaso rattan x 6 uds presenta un dise\u00f1o \u00fanico y funcional, creado para quienes buscan piezas especiales que combinen estilo.<\/p>\n","protected":false},"featured_media":922,"template":"","meta":[],"product_brand":[],"product_cat":[17,18],"product_tag":[732,131,130,133,342,151,150,156,136,256,137,733,731,729,727,728,75,144,730,132,595],"class_list":{"0":"post-928","1":"product","2":"type-product","3":"status-publish","4":"has-post-thumbnail","6":"product_cat-bazar","7":"product_cat-deco","8":"product_tag-apilados","9":"product_tag-calidad","10":"product_tag-caminoacasa","11":"product_tag-diseno","12":"product_tag-encima","13":"product_tag-estilo","14":"product_tag-exclusivo","15":"product_tag-fondo","16":"product_tag-garantia","17":"product_tag-mimbre","18":"product_tag-oferta","19":"product_tag-otro","20":"product_tag-posas","21":"product_tag-posavaso","22":"product_tag-posavaso-rattan-x-6-uds","23":"product_tag-posavaso-rattan-x-6-uds-uruguay","24":"product_tag-rattan","25":"product_tag-sobre","26":"product_tag-uds","27":"product_tag-uruguay","28":"product_tag-verde","30":"first","31":"instock","32":"taxable","33":"shipping-taxable","34":"purchasable","35":"product-type-simple","36":"add-to-wishlist-after_add_to_cart"},"_links":{"self":[{"href":"https:\/\/www.caminoacasa.com.uy\/tienda\/wp-json\/wp\/v2\/product\/928","targetHints":{"allow":["GET"]}}],"collection":[{"href":"https:\/\/www.caminoacasa.com.uy\/tienda\/wp-json\/wp\/v2\/product"}],"about":[{"href":"https:\/\/www.caminoacasa.com.uy\/tienda\/wp-json\/wp\/v2\/types\/product"}],"wp:featuredmedia":[{"embeddable":true,"href":"https:\/\/www.caminoacasa.com.uy\/tienda\/wp-json\/wp\/v2\/media\/922"}],"wp:attachment":[{"href":"https:\/\/www.caminoacasa.com.uy\/tienda\/wp-json\/wp\/v2\/media?parent=928"}],"wp:term":[{"taxonomy":"product_brand","embeddable":true,"href":"https:\/\/www.caminoacasa.com.uy\/tienda\/wp-json\/wp\/v2\/product_brand?post=928"},{"taxonomy":"product_cat","embeddable":true,"href":"https:\/\/www.caminoacasa.com.uy\/tienda\/wp-json\/wp\/v2\/product_cat?post=928"},{"taxonomy":"product_tag","embeddable":true,"href":"https:\/\/www.caminoacasa.com.uy\/tienda\/wp-json\/wp\/v2\/product_tag?post=928"}],"curies":[{"name":"wp","href":"https:\/\/api.w.org\/{rel}","templated":true}]}}