{"id":926,"date":"2023-12-15T11:51:25","date_gmt":"2023-12-15T14:51:25","guid":{"rendered":"https:\/\/musing-kare.185-23-69-104.plesk.page\/tienda\/?post_type=product&#038;p=926"},"modified":"2025-12-29T02:43:47","modified_gmt":"2025-12-29T05:43:47","slug":"posaplato-rattan","status":"publish","type":"product","link":"https:\/\/www.caminoacasa.com.uy\/tienda\/producto\/posaplato-rattan\/","title":{"rendered":"Posa plato Rattan"},"content":{"rendered":"<h1>Posa plato Rattan<\/h1>\n<p>Este posaplato rattan presenta un dise\u00f1o \u00fanico y funcional, creado para quienes buscan piezas especiales que combinen estilo y practicidad. Su construcci\u00f3n asegura una excelente durabilidad para el uso diario.<\/p>\n<p>La atenci\u00f3n al detalle es evidente en cada aspecto de su fabricaci\u00f3n. Pensado para acompa\u00f1arte en distintas ocasiones, desde el d\u00eda a d\u00eda hasta momentos especiales donde quieres destacar con un complemento diferente.<\/p>\n<p>Su versatilidad permite combinarlo con diversos estilos, adapt\u00e1ndose f\u00e1cilmente a tu look preferido o a la decoraci\u00f3n de tu espacio. Un producto que suma personalidad sin esfuerzo.<\/p>\n<p>\ud83d\udccb CARACTER\u00cdSTICAS:<br \/>\n\u2022 Dise\u00f1o \u00fanico y funcional<br \/>\n\u2022 Fabricaci\u00f3n con atenci\u00f3n a los detalles<br \/>\n\u2022 Acabados cuidados para mayor durabilidad<br \/>\n\u2022 Vers\u00e1til y adaptable a diferentes usos<\/p>\n<p>\ud83c\udf1f POR QU\u00c9 ELEGIR ESTE PRODUCTO:<br \/>\n\u2713 Excelente relaci\u00f3n calidad-precio<br \/>\n\u2713 Dise\u00f1o atemporal que no pasa de moda<br \/>\n\u2713 Funcionalidad adaptada a necesidades reales<br \/>\n\u2713 F\u00e1cil de integrar con otros elementos<br \/>\n.<\/p>\n<p>==================================================<\/p>\n<p>\ud83d\udcdd DESCRIPCI\u00d3N ORIGINAL:<\/p>\n<p>Medida 30 cms di\u00e1metro<\/p>\n","protected":false},"excerpt":{"rendered":"<p>Mantel individual circular de mimbre sobre fondo verde.<\/p>\n<p>Este posaplato rattan presenta un dise\u00f1o \u00fanico y funcional, creado para quienes buscan piezas especiales que combinen estilo y practicidad.<\/p>\n","protected":false},"featured_media":917,"template":"","meta":[],"product_brand":[],"product_cat":[17,18],"product_tag":[131,130,726,133,151,156,725,724,256,137,723,721,722,75,144,132,595],"class_list":{"0":"post-926","1":"product","2":"type-product","3":"status-publish","4":"has-post-thumbnail","6":"product_cat-bazar","7":"product_cat-deco","8":"product_tag-calidad","9":"product_tag-caminoacasa","10":"product_tag-circular","11":"product_tag-diseno","12":"product_tag-estilo","13":"product_tag-fondo","14":"product_tag-individual","15":"product_tag-mantel","16":"product_tag-mimbre","17":"product_tag-oferta","18":"product_tag-posaplato","19":"product_tag-posaplato-rattan","20":"product_tag-posaplato-rattan-uruguay","21":"product_tag-rattan","22":"product_tag-sobre","23":"product_tag-uruguay","24":"product_tag-verde","26":"first","27":"instock","28":"taxable","29":"shipping-taxable","30":"purchasable","31":"product-type-simple","32":"add-to-wishlist-after_add_to_cart"},"_links":{"self":[{"href":"https:\/\/www.caminoacasa.com.uy\/tienda\/wp-json\/wp\/v2\/product\/926","targetHints":{"allow":["GET"]}}],"collection":[{"href":"https:\/\/www.caminoacasa.com.uy\/tienda\/wp-json\/wp\/v2\/product"}],"about":[{"href":"https:\/\/www.caminoacasa.com.uy\/tienda\/wp-json\/wp\/v2\/types\/product"}],"wp:featuredmedia":[{"embeddable":true,"href":"https:\/\/www.caminoacasa.com.uy\/tienda\/wp-json\/wp\/v2\/media\/917"}],"wp:attachment":[{"href":"https:\/\/www.caminoacasa.com.uy\/tienda\/wp-json\/wp\/v2\/media?parent=926"}],"wp:term":[{"taxonomy":"product_brand","embeddable":true,"href":"https:\/\/www.caminoacasa.com.uy\/tienda\/wp-json\/wp\/v2\/product_brand?post=926"},{"taxonomy":"product_cat","embeddable":true,"href":"https:\/\/www.caminoacasa.com.uy\/tienda\/wp-json\/wp\/v2\/product_cat?post=926"},{"taxonomy":"product_tag","embeddable":true,"href":"https:\/\/www.caminoacasa.com.uy\/tienda\/wp-json\/wp\/v2\/product_tag?post=926"}],"curies":[{"name":"wp","href":"https:\/\/api.w.org\/{rel}","templated":true}]}}