{"id":353,"date":"2023-12-15T11:44:43","date_gmt":"2023-12-15T14:44:43","guid":{"rendered":"https:\/\/musing-kare.185-23-69-104.plesk.page\/tienda\/?post_type=product&#038;p=353"},"modified":"2025-12-27T10:49:04","modified_gmt":"2025-12-27T13:49:04","slug":"lampara-hana","status":"publish","type":"product","link":"https:\/\/www.caminoacasa.com.uy\/tienda\/producto\/lampara-hana\/","title":{"rendered":"L\u00e0mpara Hana"},"content":{"rendered":"<p>Son dos piezas de material tejido que se han colocado una encima de otra en forma de cesta.<\/p>\n<p>Este l\u00e0mpara hana presenta un dise\u00f1o \u00fanico y funcional, creado para quienes buscan piezas especiales que combinen estilo y practicidad. Su construcci\u00f3n asegura una excelente durabilidad para el uso diario.<\/p>\n<p>La atenci\u00f3n al detalle es evidente en cada aspecto de su fabricaci\u00f3n. Pensado para acompa\u00f1arte en distintas ocasiones, desde el d\u00eda a d\u00eda hasta momentos especiales donde quieres destacar con un complemento diferente.<\/p>\n<p>Su versatilidad permite combinarlo con diversos estilos, adapt\u00e1ndose f\u00e1cilmente a tu look preferido o a la decoraci\u00f3n de tu espacio. Un producto que suma personalidad sin esfuerzo.<\/p>\n<p>\ud83d\udccb CARACTER\u00cdSTICAS:<br \/>\n\u2022 Dise\u00f1o \u00fanico y funcional<br \/>\n\u2022 Fabricaci\u00f3n con atenci\u00f3n a los detalles<br \/>\n\u2022 Acabados cuidados para mayor durabilidad<br \/>\n\u2022 Vers\u00e1til y adaptable a diferentes usos<\/p>\n<p>\ud83c\udf1f POR QU\u00c9 ELEGIR ESTE PRODUCTO:<br \/>\n\u2713 Excelente relaci\u00f3n calidad-precio<br \/>\n\u2713 Dise\u00f1o atemporal que no pasa de moda<br \/>\n\u2713 Funcionalidad adaptada a necesidades reales<br \/>\n\u2713 F\u00e1cil de integrar con otros elementos<br \/>\n.<\/p>\n<p>==================================================<\/p>\n<p>\ud83d\udcdd DESCRIPCI\u00d3N ORIGINAL:<\/p>\n<p>Di\u00e1metro: 34 cm<\/p>\n<p>Alto: 80 cm<\/p>\n<p>Material: Rattan<\/p>\n","protected":false},"excerpt":{"rendered":"<p>Son dos piezas de material tejido que se han colocado una encima de otra en forma de cesta.<\/p>\n<p>Este l\u00e0mpara hana presenta un dise\u00f1o \u00fanico y funcional, creado para quienes buscan piezas especiales que.<\/p>\n","protected":false},"featured_media":425,"template":"","meta":[],"product_brand":[],"product_cat":[41,22,52],"product_tag":[131,130,265,341,133,342,151,150,266,136,339,337,338,316,137,343,340,249,132],"class_list":{"0":"post-353","1":"product","2":"type-product","3":"status-publish","4":"has-post-thumbnail","6":"product_cat-de-pie","7":"product_cat-iluminacion","8":"product_cat-sale","9":"product_tag-calidad","10":"product_tag-caminoacasa","11":"product_tag-cesta","12":"product_tag-colocado","13":"product_tag-diseno","14":"product_tag-encima","15":"product_tag-estilo","16":"product_tag-exclusivo","17":"product_tag-forma","18":"product_tag-garantia","19":"product_tag-hana","20":"product_tag-lampara-hana","21":"product_tag-lampara-hana-uruguay","22":"product_tag-material","23":"product_tag-oferta","24":"product_tag-otra","25":"product_tag-piezas","26":"product_tag-tejido","27":"product_tag-uruguay","29":"first","30":"instock","31":"sale","32":"taxable","33":"shipping-taxable","34":"purchasable","35":"product-type-simple","36":"add-to-wishlist-after_add_to_cart"},"_links":{"self":[{"href":"https:\/\/www.caminoacasa.com.uy\/tienda\/wp-json\/wp\/v2\/product\/353","targetHints":{"allow":["GET"]}}],"collection":[{"href":"https:\/\/www.caminoacasa.com.uy\/tienda\/wp-json\/wp\/v2\/product"}],"about":[{"href":"https:\/\/www.caminoacasa.com.uy\/tienda\/wp-json\/wp\/v2\/types\/product"}],"wp:featuredmedia":[{"embeddable":true,"href":"https:\/\/www.caminoacasa.com.uy\/tienda\/wp-json\/wp\/v2\/media\/425"}],"wp:attachment":[{"href":"https:\/\/www.caminoacasa.com.uy\/tienda\/wp-json\/wp\/v2\/media?parent=353"}],"wp:term":[{"taxonomy":"product_brand","embeddable":true,"href":"https:\/\/www.caminoacasa.com.uy\/tienda\/wp-json\/wp\/v2\/product_brand?post=353"},{"taxonomy":"product_cat","embeddable":true,"href":"https:\/\/www.caminoacasa.com.uy\/tienda\/wp-json\/wp\/v2\/product_cat?post=353"},{"taxonomy":"product_tag","embeddable":true,"href":"https:\/\/www.caminoacasa.com.uy\/tienda\/wp-json\/wp\/v2\/product_tag?post=353"}],"curies":[{"name":"wp","href":"https:\/\/api.w.org\/{rel}","templated":true}]}}