{"id":314,"date":"2023-12-15T11:44:19","date_gmt":"2023-12-15T14:44:19","guid":{"rendered":"https:\/\/musing-kare.185-23-69-104.plesk.page\/tienda\/?post_type=product&#038;p=314"},"modified":"2025-12-27T10:48:39","modified_gmt":"2025-12-27T13:48:39","slug":"lampara-randi","status":"publish","type":"product","link":"https:\/\/www.caminoacasa.com.uy\/tienda\/producto\/lampara-randi\/","title":{"rendered":"L\u00e1mpara Randi"},"content":{"rendered":"<p>Hay una jaula para p\u00e1jaros colgando del techo que tiene un p\u00e1jaro en la cabeza.<\/p>\n<p>Este l\u00e1mpara randi presenta un dise\u00f1o \u00fanico y funcional, creado para quienes buscan piezas especiales que combinen estilo y practicidad. Su construcci\u00f3n asegura una excelente durabilidad para el uso diario.<\/p>\n<p>La atenci\u00f3n al detalle es evidente en cada aspecto de su fabricaci\u00f3n. Pensado para acompa\u00f1arte en distintas ocasiones, desde el d\u00eda a d\u00eda hasta momentos especiales donde quieres destacar con un complemento diferente.<\/p>\n<p>Su versatilidad permite combinarlo con diversos estilos, adapt\u00e1ndose f\u00e1cilmente a tu look preferido o a la decoraci\u00f3n de tu espacio. Un producto que suma personalidad sin esfuerzo.<\/p>\n<p>\ud83d\udccb CARACTER\u00cdSTICAS:<br \/>\n\u2022 Dise\u00f1o \u00fanico y funcional<br \/>\n\u2022 Fabricaci\u00f3n con atenci\u00f3n a los detalles<br \/>\n\u2022 Acabados cuidados para mayor durabilidad<br \/>\n\u2022 Vers\u00e1til y adaptable a diferentes usos<\/p>\n<p>\ud83c\udf1f POR QU\u00c9 ELEGIR ESTE PRODUCTO:<br \/>\n\u2713 Excelente relaci\u00f3n calidad-precio<br \/>\n\u2713 Dise\u00f1o atemporal que no pasa de moda<br \/>\n\u2713 Funcionalidad adaptada a necesidades reales<br \/>\n\u2713 F\u00e1cil de integrar con otros elementos<br \/>\n.<\/p>\n<p>==================================================<\/p>\n<p>\ud83d\udcdd DESCRIPCI\u00d3N ORIGINAL:<\/p>\n<p>Di\u00e1metro : 29 cm<\/p>\n<p>Alto:\u00a0 55 cm<\/p>\n<p>Material:\u00a0Bamboo<\/p>\n","protected":false},"excerpt":{"rendered":"<p>Hay una jaula para p\u00e1jaros colgando del techo que tiene un p\u00e1jaro en la cabeza.<\/p>\n<p>Este l\u00e1mpara randi presenta un dise\u00f1o \u00fanico y funcional, creado para quienes buscan piezas especiales que combinen.<\/p>\n","protected":false},"featured_media":371,"template":"","meta":[],"product_brand":[],"product_cat":[38,22],"product_tag":[300,131,130,293,133,151,150,136,297,241,294,295,137,299,298,296,261,193,132],"class_list":{"0":"post-314","1":"product","2":"type-product","3":"status-publish","4":"has-post-thumbnail","6":"product_cat-colgantes","7":"product_cat-iluminacion","8":"product_tag-cabeza","9":"product_tag-calidad","10":"product_tag-caminoacasa","11":"product_tag-colgando","12":"product_tag-diseno","13":"product_tag-estilo","14":"product_tag-exclusivo","15":"product_tag-garantia","16":"product_tag-jaula","17":"product_tag-lampara","18":"product_tag-lampara-randi","19":"product_tag-lampara-randi-uruguay","20":"product_tag-oferta","21":"product_tag-pajaro","22":"product_tag-pajaros","23":"product_tag-randi","24":"product_tag-techo","25":"product_tag-tiene","26":"product_tag-uruguay","28":"first","29":"instock","30":"taxable","31":"shipping-taxable","32":"purchasable","33":"product-type-simple","34":"add-to-wishlist-after_add_to_cart"},"_links":{"self":[{"href":"https:\/\/www.caminoacasa.com.uy\/tienda\/wp-json\/wp\/v2\/product\/314","targetHints":{"allow":["GET"]}}],"collection":[{"href":"https:\/\/www.caminoacasa.com.uy\/tienda\/wp-json\/wp\/v2\/product"}],"about":[{"href":"https:\/\/www.caminoacasa.com.uy\/tienda\/wp-json\/wp\/v2\/types\/product"}],"wp:featuredmedia":[{"embeddable":true,"href":"https:\/\/www.caminoacasa.com.uy\/tienda\/wp-json\/wp\/v2\/media\/371"}],"wp:attachment":[{"href":"https:\/\/www.caminoacasa.com.uy\/tienda\/wp-json\/wp\/v2\/media?parent=314"}],"wp:term":[{"taxonomy":"product_brand","embeddable":true,"href":"https:\/\/www.caminoacasa.com.uy\/tienda\/wp-json\/wp\/v2\/product_brand?post=314"},{"taxonomy":"product_cat","embeddable":true,"href":"https:\/\/www.caminoacasa.com.uy\/tienda\/wp-json\/wp\/v2\/product_cat?post=314"},{"taxonomy":"product_tag","embeddable":true,"href":"https:\/\/www.caminoacasa.com.uy\/tienda\/wp-json\/wp\/v2\/product_tag?post=314"}],"curies":[{"name":"wp","href":"https:\/\/api.w.org\/{rel}","templated":true}]}}