{"id":3101,"date":"2025-09-06T09:37:06","date_gmt":"2025-09-06T12:37:06","guid":{"rendered":"https:\/\/www.caminoacasa.com.uy\/tienda\/?post_type=product&#038;p=3101"},"modified":"2025-12-27T11:05:00","modified_gmt":"2025-12-27T14:05:00","slug":"butaca-madera-y-rattan","status":"publish","type":"product","link":"https:\/\/www.caminoacasa.com.uy\/tienda\/producto\/butaca-madera-y-rattan\/","title":{"rendered":"Butaca Madera y Rattan"},"content":{"rendered":"<p>Alguien est\u00e1 sentado en un mimbre hecho de material resistente.<\/p>\n<p>Este butaca madera y rattan presenta un dise\u00f1o \u00fanico y funcional, creado para quienes buscan piezas especiales que combinen estilo y practicidad. Su construcci\u00f3n asegura una excelente durabilidad para el uso diario.<\/p>\n<p>La atenci\u00f3n al detalle es evidente en cada aspecto de su fabricaci\u00f3n. Pensado para acompa\u00f1arte en distintas ocasiones, desde el d\u00eda a d\u00eda hasta momentos especiales donde quieres destacar con un complemento diferente.<\/p>\n<p>Su versatilidad permite combinarlo con diversos estilos, adapt\u00e1ndose f\u00e1cilmente a tu look preferido o a la decoraci\u00f3n de tu espacio. Un producto que suma personalidad sin esfuerzo.<\/p>\n<p>\ud83d\udccb CARACTER\u00cdSTICAS:<br \/>\n\u2022 Dise\u00f1o \u00fanico y funcional<br \/>\n\u2022 Fabricaci\u00f3n con atenci\u00f3n a los detalles<br \/>\n\u2022 Acabados cuidados para mayor durabilidad<br \/>\n\u2022 Vers\u00e1til y adaptable a diferentes usos<\/p>\n<p>\ud83c\udf1f POR QU\u00c9 ELEGIR ESTE PRODUCTO:<br \/>\n\u2713 Excelente relaci\u00f3n calidad-precio<br \/>\n\u2713 Dise\u00f1o atemporal que no pasa de moda<br \/>\n\u2713 Funcionalidad adaptada a necesidades reales<br \/>\n\u2713 F\u00e1cil de integrar con otros elementos<br \/>\n.<\/p>\n<p>==================================================<\/p>\n<p>\ud83d\udcdd DESCRIPCI\u00d3N ORIGINAL:<\/p>\n<p>Medida: 61x75x68 alto<\/p>\n","protected":false},"excerpt":{"rendered":"<p>Alguien est\u00e1 sentado en un mimbre hecho de material resistente.<\/p>\n<p>Este butaca madera y rattan presenta un dise\u00f1o \u00fanico y funcional, creado para quienes buscan piezas especiales que combinen estilo y.<\/p>\n","protected":false},"featured_media":1881,"template":"","meta":[],"product_brand":[],"product_cat":[28,32],"product_tag":[508,1145,1143,1144,131,130,133,173,151,150,136,347,361,316,256,137,75,317,408,132],"class_list":{"0":"post-3101","1":"product","2":"type-product","3":"status-publish","4":"has-post-thumbnail","6":"product_cat-muebles","7":"product_cat-sillas-y-butacas","8":"product_tag-alguien","9":"product_tag-butaca","10":"product_tag-butaca-madera-y-rattan","11":"product_tag-butaca-madera-y-rattan-uruguay","12":"product_tag-calidad","13":"product_tag-caminoacasa","14":"product_tag-diseno","15":"product_tag-esta","16":"product_tag-estilo","17":"product_tag-exclusivo","18":"product_tag-garantia","19":"product_tag-hecho","20":"product_tag-madera","21":"product_tag-material","22":"product_tag-mimbre","23":"product_tag-oferta","24":"product_tag-rattan","25":"product_tag-resistente","26":"product_tag-sentado","27":"product_tag-uruguay","29":"first","30":"instock","31":"taxable","32":"shipping-taxable","33":"purchasable","34":"product-type-simple","35":"add-to-wishlist-after_add_to_cart"},"_links":{"self":[{"href":"https:\/\/www.caminoacasa.com.uy\/tienda\/wp-json\/wp\/v2\/product\/3101","targetHints":{"allow":["GET"]}}],"collection":[{"href":"https:\/\/www.caminoacasa.com.uy\/tienda\/wp-json\/wp\/v2\/product"}],"about":[{"href":"https:\/\/www.caminoacasa.com.uy\/tienda\/wp-json\/wp\/v2\/types\/product"}],"wp:featuredmedia":[{"embeddable":true,"href":"https:\/\/www.caminoacasa.com.uy\/tienda\/wp-json\/wp\/v2\/media\/1881"}],"wp:attachment":[{"href":"https:\/\/www.caminoacasa.com.uy\/tienda\/wp-json\/wp\/v2\/media?parent=3101"}],"wp:term":[{"taxonomy":"product_brand","embeddable":true,"href":"https:\/\/www.caminoacasa.com.uy\/tienda\/wp-json\/wp\/v2\/product_brand?post=3101"},{"taxonomy":"product_cat","embeddable":true,"href":"https:\/\/www.caminoacasa.com.uy\/tienda\/wp-json\/wp\/v2\/product_cat?post=3101"},{"taxonomy":"product_tag","embeddable":true,"href":"https:\/\/www.caminoacasa.com.uy\/tienda\/wp-json\/wp\/v2\/product_tag?post=3101"}],"curies":[{"name":"wp","href":"https:\/\/api.w.org\/{rel}","templated":true}]}}