{"id":2731,"date":"2025-05-12T14:25:58","date_gmt":"2025-05-12T17:25:58","guid":{"rendered":"https:\/\/www.caminoacasa.com.uy\/tienda\/?post_type=product&#038;p=2731"},"modified":"2026-01-13T16:21:19","modified_gmt":"2026-01-13T19:21:19","slug":"aparador-tallado-anisa","status":"publish","type":"product","link":"https:\/\/www.caminoacasa.com.uy\/tienda\/producto\/aparador-tallado-anisa\/","title":{"rendered":"Aparador Tallado Anisa"},"content":{"rendered":"<p>Exclusivo aparador tallado anisa con un dise\u00f1o especial que combina funcionalidad y estilo personal.<\/p>\n<p>Este aparador tallado anisa presenta un dise\u00f1o \u00fanico y funcional, creado para quienes buscan piezas especiales que combinen estilo y practicidad. Su construcci\u00f3n asegura una excelente durabilidad para el uso diario.<\/p>\n<p>La atenci\u00f3n al detalle es evidente en cada aspecto de su fabricaci\u00f3n. Pensado para acompa\u00f1arte en distintas ocasiones, desde el d\u00eda a d\u00eda hasta momentos especiales donde quieres destacar con un complemento diferente.<\/p>\n<p>Su versatilidad permite combinarlo con diversos estilos, adapt\u00e1ndose f\u00e1cilmente a tu look preferido o a la decoraci\u00f3n de tu espacio. Un producto que suma personalidad sin esfuerzo.<\/p>\n<p>\ud83d\udccb CARACTER\u00cdSTICAS:<br \/>\n\u2022 Dise\u00f1o \u00fanico y funcional<br \/>\n\u2022 Fabricaci\u00f3n con atenci\u00f3n a los detalles<br \/>\n\u2022 Acabados cuidados para mayor durabilidad<br \/>\n\u2022 Vers\u00e1til y adaptable a diferentes usos<\/p>\n<p>\ud83c\udf1f POR QU\u00c9 ELEGIR ESTE PRODUCTO:<br \/>\n\u2713 Excelente relaci\u00f3n calidad-precio<br \/>\n\u2713 Dise\u00f1o atemporal que no pasa de moda<br \/>\n\u2713 Funcionalidad adaptada a necesidades reales<br \/>\n\u2713 F\u00e1cil de integrar con otros elementos<br \/>\n.<\/p>\n<p>==================================================<\/p>\n<p>\ud83d\udcdd DESCRIPCI\u00d3N ORIGINAL:<\/p>\n<p>Medida: 82 frente x 40 profundidad x 102 alto<\/p>\n","protected":false},"excerpt":{"rendered":"<p>Exclusivo aparador tallado anisa con un dise\u00f1o especial que combina funcionalidad y estilo personal.<\/p>\n<p>Este aparador tallado anisa presenta un dise\u00f1o \u00fanico y funcional.<\/p>\n","protected":false},"featured_media":3414,"template":"","meta":[],"product_brand":[],"product_cat":[35,28,29],"product_tag":[1004,80,61,1002,1003,131,130,164,133,163,151,150,165,136,81,64,60,137,166,82,132],"class_list":{"0":"post-2731","1":"product","2":"type-product","3":"status-publish","4":"has-post-thumbnail","6":"product_cat-aparadores","7":"product_cat-muebles","8":"product_cat-muebles-muebles","9":"product_tag-anisa","10":"product_tag-aparador","11":"product_tag-aparador-tallado","12":"product_tag-aparador-tallado-anisa","13":"product_tag-aparador-tallado-anisa-uruguay","14":"product_tag-calidad","15":"product_tag-caminoacasa","16":"product_tag-combina","17":"product_tag-diseno","18":"product_tag-especial","19":"product_tag-estilo","20":"product_tag-exclusivo","21":"product_tag-funcionalidad","22":"product_tag-garantia","23":"product_tag-mueble","24":"product_tag-mueble-artesanal","25":"product_tag-mueble-tallado","26":"product_tag-oferta","27":"product_tag-personal","28":"product_tag-tallado","29":"product_tag-uruguay","31":"first","32":"instock","33":"taxable","34":"shipping-taxable","35":"purchasable","36":"product-type-simple","37":"add-to-wishlist-after_add_to_cart"},"_links":{"self":[{"href":"https:\/\/www.caminoacasa.com.uy\/tienda\/wp-json\/wp\/v2\/product\/2731","targetHints":{"allow":["GET"]}}],"collection":[{"href":"https:\/\/www.caminoacasa.com.uy\/tienda\/wp-json\/wp\/v2\/product"}],"about":[{"href":"https:\/\/www.caminoacasa.com.uy\/tienda\/wp-json\/wp\/v2\/types\/product"}],"wp:featuredmedia":[{"embeddable":true,"href":"https:\/\/www.caminoacasa.com.uy\/tienda\/wp-json\/wp\/v2\/media\/3414"}],"wp:attachment":[{"href":"https:\/\/www.caminoacasa.com.uy\/tienda\/wp-json\/wp\/v2\/media?parent=2731"}],"wp:term":[{"taxonomy":"product_brand","embeddable":true,"href":"https:\/\/www.caminoacasa.com.uy\/tienda\/wp-json\/wp\/v2\/product_brand?post=2731"},{"taxonomy":"product_cat","embeddable":true,"href":"https:\/\/www.caminoacasa.com.uy\/tienda\/wp-json\/wp\/v2\/product_cat?post=2731"},{"taxonomy":"product_tag","embeddable":true,"href":"https:\/\/www.caminoacasa.com.uy\/tienda\/wp-json\/wp\/v2\/product_tag?post=2731"}],"curies":[{"name":"wp","href":"https:\/\/api.w.org\/{rel}","templated":true}]}}