{"id":2635,"date":"2024-06-13T16:33:59","date_gmt":"2024-06-13T19:33:59","guid":{"rendered":"https:\/\/www.caminoacasa.com.uy\/tienda\/?post_type=product&#038;p=2635"},"modified":"2025-12-27T10:59:28","modified_gmt":"2025-12-27T13:59:28","slug":"buda-de-la-tranquilidad-2","status":"publish","type":"product","link":"https:\/\/www.caminoacasa.com.uy\/tienda\/producto\/buda-de-la-tranquilidad-2\/","title":{"rendered":"Buda de la Tranquilidad"},"content":{"rendered":"<p>Hay una peque\u00f1a estatua de una persona sentada en el suelo.<\/p>\n<p>Este buda de la tranquilidad presenta un dise\u00f1o \u00fanico y funcional, creado para quienes buscan piezas especiales que combinen estilo y practicidad. Su construcci\u00f3n asegura una excelente durabilidad para el uso diario.<\/p>\n<p>La atenci\u00f3n al detalle es evidente en cada aspecto de su fabricaci\u00f3n. Pensado para acompa\u00f1arte en distintas ocasiones, desde el d\u00eda a d\u00eda hasta momentos especiales donde quieres destacar con un complemento diferente.<\/p>\n<p>Su versatilidad permite combinarlo con diversos estilos, adapt\u00e1ndose f\u00e1cilmente a tu look preferido o a la decoraci\u00f3n de tu espacio. Un producto que suma personalidad sin esfuerzo.<\/p>\n<p>\ud83d\udccb CARACTER\u00cdSTICAS:<br \/>\n\u2022 Dise\u00f1o \u00fanico y funcional<br \/>\n\u2022 Fabricaci\u00f3n con atenci\u00f3n a los detalles<br \/>\n\u2022 Acabados cuidados para mayor durabilidad<br \/>\n\u2022 Vers\u00e1til y adaptable a diferentes usos<\/p>\n<p>\ud83c\udf1f POR QU\u00c9 ELEGIR ESTE PRODUCTO:<br \/>\n\u2713 Excelente relaci\u00f3n calidad-precio<br \/>\n\u2713 Dise\u00f1o atemporal que no pasa de moda<br \/>\n\u2713 Funcionalidad adaptada a necesidades reales<br \/>\n\u2713 F\u00e1cil de integrar con otros elementos<br \/>\n.<\/p>\n<p>==================================================<\/p>\n<p>\ud83d\udcdd DESCRIPCI\u00d3N ORIGINAL:<\/p>\n<p>Medida: 15 frente x 14 profundidad x 24 alto<\/p>\n<p>Material: Pasta Cementici<\/p>\n<p>Ideal para tener en el dormitorio o en aquellos espacios donde queremos crear un ambiente armonioso y relajante.<\/p>\n<p>El Buda sentado durmiendo sobre su propia rodilla significa sabidur\u00eca, tranquilidad emocional y paz<\/p>\n<p>&nbsp;<\/p>\n","protected":false},"excerpt":{"rendered":"<p>Hay una peque\u00f1a estatua de una persona sentada en el suelo.<\/p>\n<p>Este buda de la tranquilidad presenta un dise\u00f1o \u00fanico y funcional, creado para quienes buscan piezas especiales que combinen estilo y.<\/p>\n","protected":false},"featured_media":2621,"template":"","meta":[],"product_brand":[],"product_cat":[21],"product_tag":[77,820,821,131,130,133,540,151,150,136,137,815,670,568,943,822,132],"class_list":{"0":"post-2635","1":"product","2":"type-product","3":"status-publish","4":"has-post-thumbnail","6":"product_cat-figuras","7":"product_tag-buda","8":"product_tag-buda-de-la-tranquilidad","9":"product_tag-buda-de-la-tranquilidad-uruguay","10":"product_tag-calidad","11":"product_tag-caminoacasa","12":"product_tag-diseno","13":"product_tag-estatua","14":"product_tag-estilo","15":"product_tag-exclusivo","16":"product_tag-garantia","17":"product_tag-oferta","18":"product_tag-pequena","19":"product_tag-persona","20":"product_tag-sentada","21":"product_tag-suelo","22":"product_tag-tranquilidad","23":"product_tag-uruguay","25":"first","26":"instock","27":"taxable","28":"shipping-taxable","29":"purchasable","30":"product-type-simple","31":"add-to-wishlist-after_add_to_cart"},"_links":{"self":[{"href":"https:\/\/www.caminoacasa.com.uy\/tienda\/wp-json\/wp\/v2\/product\/2635","targetHints":{"allow":["GET"]}}],"collection":[{"href":"https:\/\/www.caminoacasa.com.uy\/tienda\/wp-json\/wp\/v2\/product"}],"about":[{"href":"https:\/\/www.caminoacasa.com.uy\/tienda\/wp-json\/wp\/v2\/types\/product"}],"wp:featuredmedia":[{"embeddable":true,"href":"https:\/\/www.caminoacasa.com.uy\/tienda\/wp-json\/wp\/v2\/media\/2621"}],"wp:attachment":[{"href":"https:\/\/www.caminoacasa.com.uy\/tienda\/wp-json\/wp\/v2\/media?parent=2635"}],"wp:term":[{"taxonomy":"product_brand","embeddable":true,"href":"https:\/\/www.caminoacasa.com.uy\/tienda\/wp-json\/wp\/v2\/product_brand?post=2635"},{"taxonomy":"product_cat","embeddable":true,"href":"https:\/\/www.caminoacasa.com.uy\/tienda\/wp-json\/wp\/v2\/product_cat?post=2635"},{"taxonomy":"product_tag","embeddable":true,"href":"https:\/\/www.caminoacasa.com.uy\/tienda\/wp-json\/wp\/v2\/product_tag?post=2635"}],"curies":[{"name":"wp","href":"https:\/\/api.w.org\/{rel}","templated":true}]}}