{"id":2612,"date":"2024-06-13T16:18:20","date_gmt":"2024-06-13T19:18:20","guid":{"rendered":"https:\/\/www.caminoacasa.com.uy\/tienda\/?post_type=product&#038;p=2612"},"modified":"2025-12-29T03:05:43","modified_gmt":"2025-12-29T06:05:43","slug":"ganesha-28-cms-alto","status":"publish","type":"product","link":"https:\/\/www.caminoacasa.com.uy\/tienda\/producto\/ganesha-28-cms-alto\/","title":{"rendered":"Ganesha 28 cms Alto"},"content":{"rendered":"<p>La estatua de un elefante est\u00e1 sentada.<\/p>\n<p>Este ganesha 28 cms alto presenta un dise\u00f1o \u00fanico y funcional, creado para quienes buscan piezas especiales que combinen estilo y practicidad. Su construcci\u00f3n asegura una excelente durabilidad para el uso diario.<\/p>\n<p>La atenci\u00f3n al detalle es evidente en cada aspecto de su fabricaci\u00f3n. Pensado para acompa\u00f1arte en distintas ocasiones, desde el d\u00eda a d\u00eda hasta momentos especiales donde quieres destacar con un complemento diferente.<\/p>\n<p>Su versatilidad permite combinarlo con diversos estilos, adapt\u00e1ndose f\u00e1cilmente a tu look preferido o a la decoraci\u00f3n de tu espacio. Un producto que suma personalidad sin esfuerzo.<\/p>\n<p>\ud83d\udccb CARACTER\u00cdSTICAS:<br \/>\n\u2022 Dise\u00f1o \u00fanico y funcional<br \/>\n\u2022 Fabricaci\u00f3n con atenci\u00f3n a los detalles<br \/>\n\u2022 Acabados cuidados para mayor durabilidad<br \/>\n\u2022 Vers\u00e1til y adaptable a diferentes usos<\/p>\n<p>\ud83c\udf1f POR QU\u00c9 ELEGIR ESTE PRODUCTO:<br \/>\n\u2713 Excelente relaci\u00f3n calidad-precio<br \/>\n\u2713 Dise\u00f1o atemporal que no pasa de moda<br \/>\n\u2713 Funcionalidad adaptada a necesidades reales<br \/>\n\u2713 F\u00e1cil de integrar con otros elementos<br \/>\n.<\/p>\n<p>==================================================<\/p>\n<p>\ud83d\udcdd DESCRIPCI\u00d3N ORIGINAL:<\/p>\n<p>Medida: 25 frente x 20 profundidad x 38 alto<\/p>\n<p>Material: Pasta Cementici<\/p>\n<p>Ganesha es el Dios Hind\u00fa de la sabidur\u00eda y conocimiento, rige el arte y la ciencia, y se lo invoca para remover los obst\u00e1culos de la vida.<\/p>\n<p>Es el Dios de la buena fortuna, otorga prosperidad y fortuna en todos los \u00e1mbitos de nuestra vida.<\/p>\n","protected":false},"excerpt":{"rendered":"<p>La estatua de un elefante est\u00e1 sentada.<\/p>\n<p>Este ganesha 28 cms alto presenta un dise\u00f1o \u00fanico y funcional, creado para quienes buscan piezas especiales que combinen estilo y practicidad.<\/p>\n","protected":false},"featured_media":2613,"template":"","meta":[],"product_brand":[],"product_cat":[21],"product_tag":[314,77,131,130,825,133,527,173,540,151,150,78,957,958,136,137,568,132],"class_list":{"0":"post-2612","1":"product","2":"type-product","3":"status-publish","4":"has-post-thumbnail","6":"product_cat-figuras","7":"product_tag-alto","8":"product_tag-buda","9":"product_tag-calidad","10":"product_tag-caminoacasa","11":"product_tag-cms","12":"product_tag-diseno","13":"product_tag-elefante","14":"product_tag-esta","15":"product_tag-estatua","16":"product_tag-estilo","17":"product_tag-exclusivo","18":"product_tag-ganesha","19":"product_tag-ganesha-28-cms-alto","20":"product_tag-ganesha-28-cms-alto-uruguay","21":"product_tag-garantia","22":"product_tag-oferta","23":"product_tag-sentada","24":"product_tag-uruguay","26":"first","27":"instock","28":"taxable","29":"shipping-taxable","30":"purchasable","31":"product-type-simple","32":"add-to-wishlist-after_add_to_cart"},"_links":{"self":[{"href":"https:\/\/www.caminoacasa.com.uy\/tienda\/wp-json\/wp\/v2\/product\/2612","targetHints":{"allow":["GET"]}}],"collection":[{"href":"https:\/\/www.caminoacasa.com.uy\/tienda\/wp-json\/wp\/v2\/product"}],"about":[{"href":"https:\/\/www.caminoacasa.com.uy\/tienda\/wp-json\/wp\/v2\/types\/product"}],"wp:featuredmedia":[{"embeddable":true,"href":"https:\/\/www.caminoacasa.com.uy\/tienda\/wp-json\/wp\/v2\/media\/2613"}],"wp:attachment":[{"href":"https:\/\/www.caminoacasa.com.uy\/tienda\/wp-json\/wp\/v2\/media?parent=2612"}],"wp:term":[{"taxonomy":"product_brand","embeddable":true,"href":"https:\/\/www.caminoacasa.com.uy\/tienda\/wp-json\/wp\/v2\/product_brand?post=2612"},{"taxonomy":"product_cat","embeddable":true,"href":"https:\/\/www.caminoacasa.com.uy\/tienda\/wp-json\/wp\/v2\/product_cat?post=2612"},{"taxonomy":"product_tag","embeddable":true,"href":"https:\/\/www.caminoacasa.com.uy\/tienda\/wp-json\/wp\/v2\/product_tag?post=2612"}],"curies":[{"name":"wp","href":"https:\/\/api.w.org\/{rel}","templated":true}]}}