{"id":2527,"date":"2024-03-01T15:19:57","date_gmt":"2024-03-01T18:19:57","guid":{"rendered":"https:\/\/www.caminoacasa.com.uy\/tienda\/?post_type=product&#038;p=2527"},"modified":"2025-12-27T10:57:55","modified_gmt":"2025-12-27T13:57:55","slug":"arbol-de-la-vida-2","status":"publish","type":"product","link":"https:\/\/www.caminoacasa.com.uy\/tienda\/producto\/arbol-de-la-vida-2\/","title":{"rendered":"Arbol de la Vida"},"content":{"rendered":"<p>Exclusivo arbol de la vida con un dise\u00f1o especial que combina funcionalidad y estilo personal.<\/p>\n<p>Este arbol de la vida presenta un dise\u00f1o \u00fanico y funcional, creado para quienes buscan piezas especiales que combinen estilo y practicidad. Su construcci\u00f3n asegura una excelente durabilidad para el uso diario.<\/p>\n<p>La atenci\u00f3n al detalle es evidente en cada aspecto de su fabricaci\u00f3n. Pensado para acompa\u00f1arte en distintas ocasiones, desde el d\u00eda a d\u00eda hasta momentos especiales donde quieres destacar con un complemento diferente.<\/p>\n<p>Su versatilidad permite combinarlo con diversos estilos, adapt\u00e1ndose f\u00e1cilmente a tu look preferido o a la decoraci\u00f3n de tu espacio. Un producto que suma personalidad sin esfuerzo.<\/p>\n<p>\ud83d\udccb CARACTER\u00cdSTICAS:<br \/>\n\u2022 Dise\u00f1o \u00fanico y funcional<br \/>\n\u2022 Fabricaci\u00f3n con atenci\u00f3n a los detalles<br \/>\n\u2022 Acabados cuidados para mayor durabilidad<br \/>\n\u2022 Vers\u00e1til y adaptable a diferentes usos<\/p>\n<p>\ud83c\udf1f POR QU\u00c9 ELEGIR ESTE PRODUCTO:<br \/>\n\u2713 Excelente relaci\u00f3n calidad-precio<br \/>\n\u2713 Dise\u00f1o atemporal que no pasa de moda<br \/>\n\u2713 Funcionalidad adaptada a necesidades reales<br \/>\n\u2713 F\u00e1cil de integrar con otros elementos<br \/>\n.<\/p>\n<p>==================================================<\/p>\n<p>\ud83d\udcdd DESCRIPCI\u00d3N ORIGINAL:<\/p>\n<p>Medida: 19 frente x 9 prof x 26 alto<\/p>\n<p>Material: Mader<\/p>\n<p>El \u00e1rbol de la vida es la mejor ilustraci\u00f3n de lo que significa el <strong>ciclo de la vida<\/strong>. Las ra\u00edces del \u00e1rbol son muy profundas, y representan el nacimiento. El tronco hace referencia al crecimiento y desarrollo personal. Y, por \u00faltimo, las ramas que se bifurcan en todas las direcciones simbolizan las diferentes decisiones que se toman en el camino de la vida, cada una de las cuales lleva por un camino determinado.<\/p>\n<p>&nbsp;<\/p>\n","protected":false},"excerpt":{"rendered":"<p>Exclusivo arbol de la vida con un dise\u00f1o especial que combina funcionalidad y estilo personal.<\/p>\n<p>Este arbol de la vida presenta un dise\u00f1o \u00fanico y funcional.<\/p>\n","protected":false},"featured_media":2433,"template":"","meta":[],"product_brand":[],"product_cat":[18,19,21],"product_tag":[354,891,892,131,130,164,133,163,151,150,165,136,137,166,132,893],"class_list":{"0":"post-2527","1":"product","2":"type-product","3":"status-publish","4":"has-post-thumbnail","6":"product_cat-deco","7":"product_cat-cuencos-de-madera","8":"product_cat-figuras","9":"product_tag-arbol","10":"product_tag-arbol-de-la-vida","11":"product_tag-arbol-de-la-vida-uruguay","12":"product_tag-calidad","13":"product_tag-caminoacasa","14":"product_tag-combina","15":"product_tag-diseno","16":"product_tag-especial","17":"product_tag-estilo","18":"product_tag-exclusivo","19":"product_tag-funcionalidad","20":"product_tag-garantia","21":"product_tag-oferta","22":"product_tag-personal","23":"product_tag-uruguay","24":"product_tag-vida","26":"first","27":"instock","28":"taxable","29":"shipping-taxable","30":"purchasable","31":"product-type-simple","32":"add-to-wishlist-after_add_to_cart"},"_links":{"self":[{"href":"https:\/\/www.caminoacasa.com.uy\/tienda\/wp-json\/wp\/v2\/product\/2527","targetHints":{"allow":["GET"]}}],"collection":[{"href":"https:\/\/www.caminoacasa.com.uy\/tienda\/wp-json\/wp\/v2\/product"}],"about":[{"href":"https:\/\/www.caminoacasa.com.uy\/tienda\/wp-json\/wp\/v2\/types\/product"}],"wp:featuredmedia":[{"embeddable":true,"href":"https:\/\/www.caminoacasa.com.uy\/tienda\/wp-json\/wp\/v2\/media\/2433"}],"wp:attachment":[{"href":"https:\/\/www.caminoacasa.com.uy\/tienda\/wp-json\/wp\/v2\/media?parent=2527"}],"wp:term":[{"taxonomy":"product_brand","embeddable":true,"href":"https:\/\/www.caminoacasa.com.uy\/tienda\/wp-json\/wp\/v2\/product_brand?post=2527"},{"taxonomy":"product_cat","embeddable":true,"href":"https:\/\/www.caminoacasa.com.uy\/tienda\/wp-json\/wp\/v2\/product_cat?post=2527"},{"taxonomy":"product_tag","embeddable":true,"href":"https:\/\/www.caminoacasa.com.uy\/tienda\/wp-json\/wp\/v2\/product_tag?post=2527"}],"curies":[{"name":"wp","href":"https:\/\/api.w.org\/{rel}","templated":true}]}}