{"id":2526,"date":"2024-03-01T15:15:20","date_gmt":"2024-03-01T18:15:20","guid":{"rendered":"https:\/\/www.caminoacasa.com.uy\/tienda\/?post_type=product&#038;p=2526"},"modified":"2026-05-06T12:13:39","modified_gmt":"2026-05-06T15:13:39","slug":"mano-de-fatima-45-cms-alto","status":"publish","type":"product","link":"https:\/\/www.caminoacasa.com.uy\/tienda\/producto\/mano-de-fatima-45-cms-alto\/","title":{"rendered":"Mano de Fatima 45 cms alto"},"content":{"rendered":"<p>Este mano de fatima 45 cms alto presenta un dise\u00f1o \u00fanico y funcional, creado para quienes buscan piezas especiales que combinen estilo y practicidad. Su construcci\u00f3n asegura una excelente durabilidad para el uso diario.<\/p>\n<p>La atenci\u00f3n al detalle es evidente en cada aspecto de su fabricaci\u00f3n. Pensado para acompa\u00f1arte en distintas ocasiones, desde el d\u00eda a d\u00eda hasta momentos especiales donde quieres destacar con un complemento diferente.<\/p>\n<p>Su versatilidad permite combinarlo con diversos estilos, adapt\u00e1ndose f\u00e1cilmente a tu look preferido o a la decoraci\u00f3n de tu espacio. Un producto que suma personalidad sin esfuerzo.<\/p>\n<p>\ud83d\udccb CARACTER\u00cdSTICAS:<br \/>\n\u2022 Dise\u00f1o \u00fanico y funcional<br \/>\n\u2022 Fabricaci\u00f3n con atenci\u00f3n a los detalles<br \/>\n\u2022 Acabados cuidados para mayor durabilidad<br \/>\n\u2022 Vers\u00e1til y adaptable a diferentes usos<\/p>\n<p>\ud83c\udf1f POR QU\u00c9 ELEGIR ESTE PRODUCTO:<br \/>\n\u2713 Excelente relaci\u00f3n calidad-precio<br \/>\n\u2713 Dise\u00f1o atemporal que no pasa de moda<br \/>\n\u2713 Funcionalidad adaptada a necesidades reales<br \/>\n\u2713 F\u00e1cil de integrar con otros elementos<br \/>\n.<\/p>\n<p>==================================================<\/p>\n<p>\ud83d\udcdd DESCRIPCI\u00d3N ORIGINAL:<\/p>\n<p>Medida: 33 frente x10 prof x 45 alto<\/p>\n<p>La mano de F\u00e1tima es un s\u00edmbolo que representa la protecci\u00f3n y la prevenci\u00f3n del mal de ojo y las malas energ\u00edas, y que adem\u00e1s brinda fidelidad, amor o lealtad<\/p>\n","protected":false},"excerpt":{"rendered":"<p>Una imagen de una mano de hamsa de material resistente.<\/p>\n<p>Este mano de fatima 45 cms alto presenta un dise\u00f1o \u00fanico y funcional, creado para quienes buscan piezas especiales que combinen estilo y.<\/p>\n","protected":false},"featured_media":2436,"template":"","meta":[],"product_brand":[],"product_cat":[18,19,21],"product_tag":[314,131,130,825,133,151,150,889,136,890,174,510,887,888,316,137,317,132],"class_list":{"0":"post-2526","1":"product","2":"type-product","3":"status-publish","4":"has-post-thumbnail","6":"product_cat-deco","7":"product_cat-cuencos-de-madera","8":"product_cat-figuras","9":"product_tag-alto","10":"product_tag-calidad","11":"product_tag-caminoacasa","12":"product_tag-cms","13":"product_tag-diseno","14":"product_tag-estilo","15":"product_tag-exclusivo","16":"product_tag-fatima","17":"product_tag-garantia","18":"product_tag-hamsa","19":"product_tag-imagen","20":"product_tag-mano","21":"product_tag-mano-de-fatima-45-cms-alto","22":"product_tag-mano-de-fatima-45-cms-alto-uruguay","23":"product_tag-material","24":"product_tag-oferta","25":"product_tag-resistente","26":"product_tag-uruguay","28":"first","29":"instock","30":"taxable","31":"shipping-taxable","32":"purchasable","33":"product-type-simple","34":"add-to-wishlist-after_add_to_cart"},"_links":{"self":[{"href":"https:\/\/www.caminoacasa.com.uy\/tienda\/wp-json\/wp\/v2\/product\/2526","targetHints":{"allow":["GET"]}}],"collection":[{"href":"https:\/\/www.caminoacasa.com.uy\/tienda\/wp-json\/wp\/v2\/product"}],"about":[{"href":"https:\/\/www.caminoacasa.com.uy\/tienda\/wp-json\/wp\/v2\/types\/product"}],"wp:featuredmedia":[{"embeddable":true,"href":"https:\/\/www.caminoacasa.com.uy\/tienda\/wp-json\/wp\/v2\/media\/2436"}],"wp:attachment":[{"href":"https:\/\/www.caminoacasa.com.uy\/tienda\/wp-json\/wp\/v2\/media?parent=2526"}],"wp:term":[{"taxonomy":"product_brand","embeddable":true,"href":"https:\/\/www.caminoacasa.com.uy\/tienda\/wp-json\/wp\/v2\/product_brand?post=2526"},{"taxonomy":"product_cat","embeddable":true,"href":"https:\/\/www.caminoacasa.com.uy\/tienda\/wp-json\/wp\/v2\/product_cat?post=2526"},{"taxonomy":"product_tag","embeddable":true,"href":"https:\/\/www.caminoacasa.com.uy\/tienda\/wp-json\/wp\/v2\/product_tag?post=2526"}],"curies":[{"name":"wp","href":"https:\/\/api.w.org\/{rel}","templated":true}]}}