{"id":2394,"date":"2024-02-29T13:25:55","date_gmt":"2024-02-29T16:25:55","guid":{"rendered":"https:\/\/www.caminoacasa.com.uy\/tienda\/?post_type=product&#038;p=2394"},"modified":"2026-04-23T22:46:31","modified_gmt":"2026-04-24T01:46:31","slug":"mesa-ratona-mutia","status":"publish","type":"product","link":"https:\/\/www.caminoacasa.com.uy\/tienda\/producto\/mesa-ratona-mutia\/","title":{"rendered":"Mesa Ratona Mutia"},"content":{"rendered":"<p>Este mesa ratona mutia presenta un dise\u00f1o \u00fanico y funcional, creado para quienes buscan piezas especiales que combinen estilo y practicidad. Su construcci\u00f3n asegura una excelente durabilidad para el uso diario.<\/p>\n<p>La atenci\u00f3n al detalle es evidente en cada aspecto de su fabricaci\u00f3n. Pensado para acompa\u00f1arte en distintas ocasiones, desde el d\u00eda a d\u00eda hasta momentos especiales donde quieres destacar con un complemento diferente.<\/p>\n<p>Su versatilidad permite combinarlo con diversos estilos, adapt\u00e1ndose f\u00e1cilmente a tu look preferido o a la decoraci\u00f3n de tu espacio. Un producto que suma personalidad sin esfuerzo.<\/p>\n<p>\ud83d\udccb CARACTER\u00cdSTICAS:<br \/>\n\u2022 Dise\u00f1o \u00fanico y funcional<br \/>\n\u2022 Fabricaci\u00f3n con atenci\u00f3n a los detalles<br \/>\n\u2022 Acabados cuidados para mayor durabilidad<br \/>\n\u2022 Vers\u00e1til y adaptable a diferentes usos<\/p>\n<p>\ud83c\udf1f POR QU\u00c9 ELEGIR ESTE PRODUCTO:<br \/>\n\u2713 Excelente relaci\u00f3n calidad-precio<br \/>\n\u2713 Dise\u00f1o atemporal que no pasa de moda<br \/>\n\u2713 Funcionalidad adaptada a necesidades reales<br \/>\n\u2713 F\u00e1cil de integrar con otros elementos<br \/>\n.<\/p>\n<p>==================================================<\/p>\n<p>\ud83d\udcdd DESCRIPCI\u00d3N ORIGINAL:<\/p>\n<p>Medida: 120x65x45<\/p>\n<p>Material: Madera maciza Java<\/p>\n","protected":false},"excerpt":{"rendered":"<p>Un primer plano de una madera.<\/p>\n<p>Este mesa ratona mutia presenta un dise\u00f1o \u00fanico y funcional, creado para quienes buscan piezas especiales que combinen estilo y practicidad.<\/p>\n","protected":false},"featured_media":2361,"template":"","meta":[],"product_brand":[],"product_cat":[43,28],"product_tag":[131,130,133,151,150,136,361,350,59,799,800,68,801,137,184,183,357,132],"class_list":{"0":"post-2394","1":"product","2":"type-product","3":"status-publish","4":"has-post-thumbnail","6":"product_cat-mesas","7":"product_cat-muebles","8":"product_tag-calidad","9":"product_tag-caminoacasa","10":"product_tag-diseno","11":"product_tag-estilo","12":"product_tag-exclusivo","13":"product_tag-garantia","14":"product_tag-madera","15":"product_tag-mesa","16":"product_tag-mesa-ratona-madera","17":"product_tag-mesa-ratona-mutia","18":"product_tag-mesa-ratona-mutia-uruguay","19":"product_tag-mesa-ratona-tallada","20":"product_tag-mutia","21":"product_tag-oferta","22":"product_tag-plano","23":"product_tag-primer","24":"product_tag-ratona","25":"product_tag-uruguay","27":"first","28":"outofstock","29":"taxable","30":"shipping-taxable","31":"purchasable","32":"product-type-simple","33":"add-to-wishlist-after_add_to_cart"},"_links":{"self":[{"href":"https:\/\/www.caminoacasa.com.uy\/tienda\/wp-json\/wp\/v2\/product\/2394","targetHints":{"allow":["GET"]}}],"collection":[{"href":"https:\/\/www.caminoacasa.com.uy\/tienda\/wp-json\/wp\/v2\/product"}],"about":[{"href":"https:\/\/www.caminoacasa.com.uy\/tienda\/wp-json\/wp\/v2\/types\/product"}],"wp:featuredmedia":[{"embeddable":true,"href":"https:\/\/www.caminoacasa.com.uy\/tienda\/wp-json\/wp\/v2\/media\/2361"}],"wp:attachment":[{"href":"https:\/\/www.caminoacasa.com.uy\/tienda\/wp-json\/wp\/v2\/media?parent=2394"}],"wp:term":[{"taxonomy":"product_brand","embeddable":true,"href":"https:\/\/www.caminoacasa.com.uy\/tienda\/wp-json\/wp\/v2\/product_brand?post=2394"},{"taxonomy":"product_cat","embeddable":true,"href":"https:\/\/www.caminoacasa.com.uy\/tienda\/wp-json\/wp\/v2\/product_cat?post=2394"},{"taxonomy":"product_tag","embeddable":true,"href":"https:\/\/www.caminoacasa.com.uy\/tienda\/wp-json\/wp\/v2\/product_tag?post=2394"}],"curies":[{"name":"wp","href":"https:\/\/api.w.org\/{rel}","templated":true}]}}