{"id":2386,"date":"2024-02-29T12:46:11","date_gmt":"2024-02-29T15:46:11","guid":{"rendered":"https:\/\/www.caminoacasa.com.uy\/tienda\/?post_type=product&#038;p=2386"},"modified":"2026-05-06T12:34:23","modified_gmt":"2026-05-06T15:34:23","slug":"consola-tallada-hendri","status":"publish","type":"product","link":"https:\/\/www.caminoacasa.com.uy\/tienda\/producto\/consola-tallada-hendri\/","title":{"rendered":"Consola tallada Hendri"},"content":{"rendered":"<p>Este consola tallada hendri presenta un dise\u00f1o \u00fanico y funcional, creado para quienes buscan piezas especiales que combinen estilo y practicidad. Su construcci\u00f3n asegura una excelente durabilidad para el uso diario.<\/p>\n<p>La atenci\u00f3n al detalle es evidente en cada aspecto de su fabricaci\u00f3n. Pensado para acompa\u00f1arte en distintas ocasiones, desde el d\u00eda a d\u00eda hasta momentos especiales donde quieres destacar con un complemento diferente.<\/p>\n<p>Su versatilidad permite combinarlo con diversos estilos, adapt\u00e1ndose f\u00e1cilmente a tu look preferido o a la decoraci\u00f3n de tu espacio. Un producto que suma personalidad sin esfuerzo.<\/p>\n<p>\ud83d\udccb CARACTER\u00cdSTICAS:<br \/>\n\u2022 Dise\u00f1o \u00fanico y funcional<br \/>\n\u2022 Fabricaci\u00f3n con atenci\u00f3n a los detalles<br \/>\n\u2022 Acabados cuidados para mayor durabilidad<br \/>\n\u2022 Vers\u00e1til y adaptable a diferentes usos<\/p>\n<p>\ud83c\udf1f POR QU\u00c9 ELEGIR ESTE PRODUCTO:<br \/>\n\u2713 Excelente relaci\u00f3n calidad-precio<br \/>\n\u2713 Dise\u00f1o atemporal que no pasa de moda<br \/>\n\u2713 Funcionalidad adaptada a necesidades reales<br \/>\n\u2713 F\u00e1cil de integrar con otros elementos<br \/>\n.<\/p>\n<p>==================================================<\/p>\n<p>\ud83d\udcdd DESCRIPCI\u00d3N ORIGINAL:<\/p>\n<p>Medida: 160x40x85 alto<\/p>\n<p>Madera maciza Java<\/p>\n","protected":false},"excerpt":{"rendered":"<p>Una imagen de una madera.<\/p>\n<p>Este consola tallada hendri presenta un dise\u00f1o \u00fanico y funcional, creado para quienes buscan piezas especiales que combinen estilo y practicidad.<\/p>\n","protected":false},"featured_media":2370,"template":"","meta":[],"product_brand":[],"product_cat":[39,28,29],"product_tag":[131,130,65,66,781,782,133,151,150,136,783,174,361,64,62,60,137,373,132],"class_list":{"0":"post-2386","1":"product","2":"type-product","3":"status-publish","4":"has-post-thumbnail","6":"product_cat-consolas","7":"product_cat-muebles","8":"product_cat-muebles-muebles","9":"product_tag-calidad","10":"product_tag-caminoacasa","11":"product_tag-consola","12":"product_tag-consola-tallada","13":"product_tag-consola-tallada-hendri","14":"product_tag-consola-tallada-hendri-uruguay","15":"product_tag-diseno","16":"product_tag-estilo","17":"product_tag-exclusivo","18":"product_tag-garantia","19":"product_tag-hendri","20":"product_tag-imagen","21":"product_tag-madera","22":"product_tag-mueble-artesanal","23":"product_tag-mueble-rustico","24":"product_tag-mueble-tallado","25":"product_tag-oferta","26":"product_tag-tallada","27":"product_tag-uruguay","29":"first","30":"instock","31":"taxable","32":"shipping-taxable","33":"purchasable","34":"product-type-simple","35":"add-to-wishlist-after_add_to_cart"},"_links":{"self":[{"href":"https:\/\/www.caminoacasa.com.uy\/tienda\/wp-json\/wp\/v2\/product\/2386","targetHints":{"allow":["GET"]}}],"collection":[{"href":"https:\/\/www.caminoacasa.com.uy\/tienda\/wp-json\/wp\/v2\/product"}],"about":[{"href":"https:\/\/www.caminoacasa.com.uy\/tienda\/wp-json\/wp\/v2\/types\/product"}],"wp:featuredmedia":[{"embeddable":true,"href":"https:\/\/www.caminoacasa.com.uy\/tienda\/wp-json\/wp\/v2\/media\/2370"}],"wp:attachment":[{"href":"https:\/\/www.caminoacasa.com.uy\/tienda\/wp-json\/wp\/v2\/media?parent=2386"}],"wp:term":[{"taxonomy":"product_brand","embeddable":true,"href":"https:\/\/www.caminoacasa.com.uy\/tienda\/wp-json\/wp\/v2\/product_brand?post=2386"},{"taxonomy":"product_cat","embeddable":true,"href":"https:\/\/www.caminoacasa.com.uy\/tienda\/wp-json\/wp\/v2\/product_cat?post=2386"},{"taxonomy":"product_tag","embeddable":true,"href":"https:\/\/www.caminoacasa.com.uy\/tienda\/wp-json\/wp\/v2\/product_tag?post=2386"}],"curies":[{"name":"wp","href":"https:\/\/api.w.org\/{rel}","templated":true}]}}